{"id":41,"date":"2021-03-20T18:01:20","date_gmt":"2021-03-20T18:01:20","guid":{"rendered":"http:\/\/www.here.com.ar\/heredesign\/about\/"},"modified":"2021-03-24T05:23:44","modified_gmt":"2021-03-24T05:23:44","slug":"about","status":"publish","type":"page","link":"http:\/\/www.here.com.ar\/heredesign\/about\/","title":{"rendered":"Info \/ About"},"content":{"rendered":"<p>[vc_row css=&#8221;.vc_custom_1616278139183{padding-top: 0px !important;padding-right: 0px !important;padding-bottom: 0px !important;padding-left: 0px !important;}&#8221;][vc_column][vc_column_text css=&#8221;.vc_custom_1616280203240{padding-top: 0px !important;padding-right: 0px !important;padding-bottom: 0px !important;padding-left: 0px !important;}&#8221;]Gisela Here es Dise\u00f1adora Gr\u00e1fica (UBA, 2002) y docente universitaria. Trabaja en el campo de la imagen y la comunicaci\u00f3n visual desde 1999, contando con mas de veinte a\u00f1os de experiencia en la creaci\u00f3n, realizaci\u00f3n y producci\u00f3n de piezas dise\u00f1o tanto en el medio impreso como en el digital. En 2006, tras haber trabajado para imprentas, estudios de dise\u00f1o y productoras, comienza con su proyecto independiente como dise\u00f1adora freelance para clientes locales e internacionales.<\/p>\n<p>Por otro lado, Gisela desarrolla una intensa carrera acad\u00e9mica como docente en la Universidad de Buenos Aires y en la Universidad Nacional de Avellaneda. En el a\u00f1o 2017 defiende su tesis de Maestr\u00eda en teor\u00eda del dise\u00f1o comunicacional (FADU\/UBA) y actualmente se encuentra culminando la Maestr\u00eda en Est\u00e9ticas Contempor\u00e1neas Latinoamericanas (UNDAV)[\/vc_column_text][vc_single_image image=&#8221;75&#8243; img_size=&#8221;550&#8243;][\/vc_column][\/vc_row][vc_row css=&#8221;.vc_custom_1616278139183{padding-top: 0px !important;padding-right: 0px !important;padding-bottom: 0px !important;padding-left: 0px !important;}&#8221;][vc_column][vc_column_text css=&#8221;.vc_custom_1616563399375{padding-top: 20px !important;padding-right: 0px !important;padding-bottom: 0px !important;padding-left: 0px !important;}&#8221;]<\/p>\n<p><i>Gisela Here is a Buenos Aires based Graphic Designer and Professor. She&#8217;s been working in the graphic arts since 1999 which demonstrates her over 20 years\u00a0experience. In 2006 she starts her own design project as a freelance designer, working for local and international clients.<\/i><\/p>\n<p><i>Beside her work as a designer, Gisela also teaches and do research in 2 major universities* in Buenos Aires\u00a0maintaining\u00a0an intense academic career as a scholar. In 2016\u00a0she defended her master\u2019s degree thesis on Graphic Design Theory entitled:\u00a0Modern Dislocations. Uncoverings and displacements in modern Graphic Design, and currently finalizing another master&#8217;s degree on Contemporary Latinamerican aesthetics<\/i><\/p>\n<p><em>\u00a0*Since 2008 teaches the course &#8220;Morphology 1&#8221; at UBA, Universidad de Buenos Aires. In 2014 started with courses &#8220;20th century Art History and the Avant Garde&#8221; and &#8220;Fundamentals of Contemporary Architecture&#8221; at UNDAV, Universidad Nacional de Avellaneda. <\/em><\/p>\n<p>[\/vc_column_text][\/vc_column][\/vc_row]<\/p>\n","protected":false},"excerpt":{"rendered":"<p>[vc_row css=&#8221;.vc_custom_1616278139183{padding-top: 0px !important;padding-right: 0px !important;padding-bottom: 0px !important;padding-left: 0px !important;}&#8221;][vc_column][vc_column_text css=&#8221;.vc_custom_1616280203240{padding-top: 0px !important;padding-right: 0px !important;padding-bottom: 0px !important;padding-left: 0px !important;}&#8221;]Gisela Here es Dise\u00f1adora Gr\u00e1fica (UBA, 2002) y docente universitaria. Trabaja en el campo de la imagen y la comunicaci\u00f3n visual desde 1999, contando con mas de veinte a\u00f1os de experiencia en la creaci\u00f3n, realizaci\u00f3n y producci\u00f3n [&hellip;]<\/p>\n","protected":false},"author":1,"featured_media":0,"parent":0,"menu_order":0,"comment_status":"closed","ping_status":"closed","template":"","meta":[],"_links":{"self":[{"href":"http:\/\/www.here.com.ar\/heredesign\/wp-json\/wp\/v2\/pages\/41"}],"collection":[{"href":"http:\/\/www.here.com.ar\/heredesign\/wp-json\/wp\/v2\/pages"}],"about":[{"href":"http:\/\/www.here.com.ar\/heredesign\/wp-json\/wp\/v2\/types\/page"}],"author":[{"embeddable":true,"href":"http:\/\/www.here.com.ar\/heredesign\/wp-json\/wp\/v2\/users\/1"}],"replies":[{"embeddable":true,"href":"http:\/\/www.here.com.ar\/heredesign\/wp-json\/wp\/v2\/comments?post=41"}],"version-history":[{"count":10,"href":"http:\/\/www.here.com.ar\/heredesign\/wp-json\/wp\/v2\/pages\/41\/revisions"}],"predecessor-version":[{"id":181,"href":"http:\/\/www.here.com.ar\/heredesign\/wp-json\/wp\/v2\/pages\/41\/revisions\/181"}],"wp:attachment":[{"href":"http:\/\/www.here.com.ar\/heredesign\/wp-json\/wp\/v2\/media?parent=41"}],"curies":[{"name":"wp","href":"https:\/\/api.w.org\/{rel}","templated":true}]}}